{"id":2603,"date":"2022-12-09T17:09:25","date_gmt":"2022-12-09T16:09:25","guid":{"rendered":"https:\/\/danahumancapital.fr\/?page_id=2603"},"modified":"2023-11-06T11:57:01","modified_gmt":"2023-11-06T10:57:01","slug":"nos-debats","status":"publish","type":"page","link":"https:\/\/www.danahumancapital.com\/en\/nos-debats\/","title":{"rendered":"Nos d\u00e9bats"},"content":{"rendered":"<div class=\"fusion-fullwidth fullwidth-box fusion-builder-row-1 fusion-flex-container fusion-parallax-none nonhundred-percent-fullwidth non-hundred-percent-height-scrolling\" style=\"--awb-background-position:left top;--awb-border-radius-top-left:0px;--awb-border-radius-top-right:0px;--awb-border-radius-bottom-right:0px;--awb-border-radius-bottom-left:0px;--awb-background-color:#c6bba7;--awb-background-image:url(&quot;https:\/\/danahumancapital.fr\/wp-content\/uploads\/2022\/12\/DHC_Symbol@4x-2.png&quot;);--awb-background-size:cover;--awb-flex-wrap:wrap;\" ><div class=\"fusion-builder-row fusion-row fusion-flex-align-items-flex-start fusion-flex-content-wrap\" style=\"max-width:1320.8px;margin-left: calc(-4% \/ 2 );margin-right: calc(-4% \/ 2 );\"><div class=\"fusion-layout-column fusion_builder_column fusion-builder-column-0 fusion_builder_column_1_1 1_1 fusion-flex-column fusion-no-small-visibility fusion-no-medium-visibility\" style=\"--awb-bg-size:cover;--awb-width-large:100%;--awb-margin-top-large:25px;--awb-spacing-right-large:1.92%;--awb-margin-bottom-large:25px;--awb-spacing-left-large:1.92%;--awb-width-medium:100%;--awb-spacing-right-medium:1.92%;--awb-spacing-left-medium:1.92%;--awb-width-small:100%;--awb-spacing-right-small:1.92%;--awb-spacing-left-small:1.92%;\"><div class=\"fusion-column-wrapper fusion-column-has-shadow fusion-flex-justify-content-flex-start fusion-content-layout-column\"><nav class=\"awb-menu awb-menu_row awb-menu_em-hover mobile-mode-collapse-to-button awb-menu_icons-left awb-menu_dc-yes mobile-trigger-fullwidth-off awb-menu_mobile-toggle awb-menu_indent-left mobile-size-full-absolute loading mega-menu-loading awb-menu_desktop awb-menu_dropdown awb-menu_expand-right awb-menu_transition-fade\" style=\"--awb-font-size:20px;--awb-text-transform:uppercase;--awb-gap:100px;--awb-justify-content:center;--awb-items-padding-top:5px;--awb-items-padding-right:20px;--awb-items-padding-bottom:5px;--awb-items-padding-left:20px;--awb-border-color:#ffffff;--awb-border-top:2px;--awb-border-right:2px;--awb-border-bottom:2px;--awb-border-left:2px;--awb-color:#ffffff;--awb-active-color:#162557;--awb-active-bg:#ffffff;--awb-active-border-top:2px;--awb-active-border-right:2px;--awb-active-border-bottom:2px;--awb-active-border-left:2px;--awb-active-border-color:#ffffff;--awb-submenu-text-transform:none;--awb-icons-size:10;--awb-icons-hover-color:#162557;--awb-main-justify-content:flex-start;--awb-mobile-justify:flex-start;--awb-mobile-caret-left:auto;--awb-mobile-caret-right:0;--awb-fusion-font-family-typography:inherit;--awb-fusion-font-style-typography:normal;--awb-fusion-font-weight-typography:400;--awb-fusion-font-family-submenu-typography:inherit;--awb-fusion-font-style-submenu-typography:normal;--awb-fusion-font-weight-submenu-typography:400;--awb-fusion-font-family-mobile-typography:inherit;--awb-fusion-font-style-mobile-typography:normal;--awb-fusion-font-weight-mobile-typography:400;\" aria-label=\"Menu Actualit\u00e9s\" data-breakpoint=\"1024\" data-count=\"0\" data-transition-type=\"fade\" data-transition-time=\"300\" data-expand=\"right\"><button type=\"button\" class=\"awb-menu__m-toggle awb-menu__m-toggle_no-text\" aria-expanded=\"false\" aria-controls=\"menu-menu-actualites\"><span class=\"awb-menu__m-toggle-inner\"><span class=\"collapsed-nav-text\"><span class=\"screen-reader-text\">Toggle Navigation<\/span><\/span><span class=\"awb-menu__m-collapse-icon awb-menu__m-collapse-icon_no-text\"><span class=\"awb-menu__m-collapse-icon-open awb-menu__m-collapse-icon-open_no-text fa-bars fas\"><\/span><span class=\"awb-menu__m-collapse-icon-close awb-menu__m-collapse-icon-close_no-text fa-times fas\"><\/span><\/span><\/span><\/button><ul id=\"menu-menu-actualites\" class=\"fusion-menu awb-menu__main-ul awb-menu__main-ul_row\"><li  id=\"menu-item-2880\"  class=\"menu-item menu-item-type-taxonomy menu-item-object-category menu-item-2880 awb-menu__li awb-menu__main-li awb-menu__main-li_regular\"  data-item-id=\"2880\"><span class=\"awb-menu__main-background-default awb-menu__main-background-default_fade\"><\/span><span class=\"awb-menu__main-background-active awb-menu__main-background-active_fade\"><\/span><a  href=\"https:\/\/www.danahumancapital.com\/en\/category\/presse\/\" class=\"awb-menu__main-a awb-menu__main-a_regular\"><span class=\"menu-text\">News<\/span><\/a><\/li><\/ul><\/nav><div class=\"fusion-title title fusion-title-1 fusion-sep-none fusion-title-center fusion-title-text fusion-title-size-two\" style=\"--awb-text-color:#ffffff;\"><h2 class=\"fusion-title-heading title-heading-center fusion-responsive-typography-calculated\" style=\"margin:0;--fontSize:44;line-height:1.26;\">Find here the latest articles, debates, and various events in which the firm has participated!<\/h2><\/div><div class=\"fusion-separator fusion-full-width-sep\" style=\"align-self: center;margin-left: auto;margin-right: auto;margin-top:16px;width:100%;\"><\/div><\/div><\/div><div class=\"fusion-layout-column fusion_builder_column fusion-builder-column-1 fusion_builder_column_1_1 1_1 fusion-flex-column\" style=\"--awb-bg-size:cover;--awb-width-large:100%;--awb-margin-top-large:25px;--awb-spacing-right-large:1.92%;--awb-margin-bottom-large:15px;--awb-spacing-left-large:1.92%;--awb-width-medium:100%;--awb-spacing-right-medium:1.92%;--awb-spacing-left-medium:1.92%;--awb-width-small:100%;--awb-spacing-right-small:1.92%;--awb-spacing-left-small:1.92%;\"><div class=\"fusion-column-wrapper fusion-column-has-shadow fusion-flex-justify-content-flex-start fusion-content-layout-column\"><div class=\"fusion-blog-shortcode fusion-blog-shortcode-1 fusion-blog-archive fusion-blog-layout-grid-wrapper fusion-blog-infinite fusion-blog-no-images\"><style type=\"text\/css\">.fusion-blog-shortcode-1 .fusion-blog-layout-grid .fusion-post-grid{padding:20px;}.fusion-blog-shortcode-1 .fusion-posts-container{margin-left: -20px !important; margin-right:-20px !important;}<\/style><div class=\"fusion-posts-container fusion-posts-container-infinite fusion-blog-layout-grid fusion-blog-layout-grid-3 isotope fusion-blog-equal-heights\" data-pages=\"3\" data-grid-col-space=\"40\" style=\"margin: -20px -20px 0;min-height:500px;\"><article id=\"blog-1-post-3108\" class=\"fusion-post-grid post-3108 post type-post status-publish format-standard hentry category-presse\">\n<div class=\"fusion-post-wrapper\" style=\"background-color:rgba(234,234,234,1);border:none;\"><div class=\"fusion-post-content-wrapper\" style=\"padding:20px 20px 20px 20px;\"><div class=\"fusion-post-content post-content\"><h2 class=\"blog-shortcode-post-title entry-title\"><a href=\"https:\/\/www.danahumancapital.com\/en\/dhc-unico-bluepeak\/\">DHC, Unico et Bluepeak : construire un p\u00f4le europ\u00e9en du recrutement juridique haut de gamme<\/a><\/h2><p class=\"fusion-single-line-meta\"><span class=\"vcard\" style=\"display: none;\"><span class=\"fn\"><a href=\"https:\/\/www.danahumancapital.com\/en\/author\/roland\/\" title=\"Posts by roland\" rel=\"author\">roland<\/a><\/span><\/span><span class=\"updated\" style=\"display:none;\">2025-06-18T07:55:47+02:00<\/span><span>June 17th, 2025<\/span><span class=\"fusion-inline-sep\">|<\/span><\/p><\/div><\/div><div class=\"fusion-clearfix\"><\/div><\/div>\n<\/article>\n<article id=\"blog-1-post-3092\" class=\"fusion-post-grid post-3092 post type-post status-publish format-standard hentry category-presse\">\n<div class=\"fusion-post-wrapper\" style=\"background-color:rgba(234,234,234,1);border:none;\"><div class=\"fusion-post-content-wrapper\" style=\"padding:20px 20px 20px 20px;\"><div class=\"fusion-post-content post-content\"><h2 class=\"blog-shortcode-post-title entry-title\"><a href=\"https:\/\/www.danahumancapital.com\/en\/dhc-bluepeak\/\">Recrutement juridique : Dana Human Capital s&rsquo;associe \u00e0 Bluepeak Search &#038; Consulting<\/a><\/h2><p class=\"fusion-single-line-meta\"><span class=\"vcard\" style=\"display: none;\"><span class=\"fn\"><a href=\"https:\/\/www.danahumancapital.com\/en\/author\/roland\/\" title=\"Posts by roland\" rel=\"author\">roland<\/a><\/span><\/span><span class=\"updated\" style=\"display:none;\">2025-06-18T07:59:11+02:00<\/span><span>March 4th, 2025<\/span><span class=\"fusion-inline-sep\">|<\/span><\/p><\/div><\/div><div class=\"fusion-clearfix\"><\/div><\/div>\n<\/article>\n<article id=\"blog-1-post-3080\" class=\"fusion-post-grid post-3080 post type-post status-publish format-standard hentry category-presse\">\n<div class=\"fusion-post-wrapper\" style=\"background-color:rgba(234,234,234,1);border:none;\"><div class=\"fusion-post-content-wrapper\" style=\"padding:20px 20px 20px 20px;\"><div class=\"fusion-post-content post-content\"><h2 class=\"blog-shortcode-post-title entry-title\"><a href=\"https:\/\/www.danahumancapital.com\/en\/titre-lawyers-abroad-carriere-a-letranger\/\">Lawyers abroad : Carri\u00e8re \u00e0 l\u2019\u00e9tranger.<\/a><\/h2><p class=\"fusion-single-line-meta\"><span class=\"vcard\" style=\"display: none;\"><span class=\"fn\"><a href=\"https:\/\/www.danahumancapital.com\/en\/author\/roland\/\" title=\"Posts by roland\" rel=\"author\">roland<\/a><\/span><\/span><span class=\"updated\" style=\"display:none;\">2024-12-29T11:14:17+01:00<\/span><span>December 24th, 2024<\/span><span class=\"fusion-inline-sep\">|<\/span><\/p><\/div><\/div><div class=\"fusion-clearfix\"><\/div><\/div>\n<\/article>\n<article id=\"blog-1-post-3055\" class=\"fusion-post-grid post-3055 post type-post status-publish format-standard hentry category-presse\">\n<div class=\"fusion-post-wrapper\" style=\"background-color:rgba(234,234,234,1);border:none;\"><div class=\"fusion-post-content-wrapper\" style=\"padding:20px 20px 20px 20px;\"><div class=\"fusion-post-content post-content\"><h2 class=\"blog-shortcode-post-title entry-title\"><a href=\"https:\/\/www.danahumancapital.com\/en\/building-bridges-a-networking-event-for-french-and-francophone-lawyers-in-amsterdam-and-the-hague\/\">Building Bridges: A Networking Event for French and Francophone Lawyers in Amsterdam and The Hague<\/a><\/h2><p class=\"fusion-single-line-meta\"><span class=\"vcard\" style=\"display: none;\"><span class=\"fn\"><a href=\"https:\/\/www.danahumancapital.com\/en\/author\/roland\/\" title=\"Posts by roland\" rel=\"author\">roland<\/a><\/span><\/span><span class=\"updated\" style=\"display:none;\">2024-06-25T23:06:34+02:00<\/span><span>April 11th, 2024<\/span><span class=\"fusion-inline-sep\">|<\/span><\/p><\/div><\/div><div class=\"fusion-clearfix\"><\/div><\/div>\n<\/article>\n<article id=\"blog-1-post-3042\" class=\"fusion-post-grid post-3042 post type-post status-publish format-standard hentry category-presse\">\n<div class=\"fusion-post-wrapper\" style=\"background-color:rgba(234,234,234,1);border:none;\"><div class=\"fusion-post-content-wrapper\" style=\"padding:20px 20px 20px 20px;\"><div class=\"fusion-post-content post-content\"><h2 class=\"blog-shortcode-post-title entry-title\"><a href=\"https:\/\/www.danahumancapital.com\/en\/la-releve-se-distingue-de-lelite-traditionnelle-par-sa-vision-du-metier-davocat-roland-dana\/\">\u201cLa rel\u00e8ve se distingue de l&rsquo;\u00e9lite traditionnelle par sa vision du m\u00e9tier d&rsquo;avocat\u201d, Roland Dana<\/a><\/h2><p class=\"fusion-single-line-meta\"><span class=\"vcard\" style=\"display: none;\"><span class=\"fn\"><a href=\"https:\/\/www.danahumancapital.com\/en\/author\/roland\/\" title=\"Posts by roland\" rel=\"author\">roland<\/a><\/span><\/span><span class=\"updated\" style=\"display:none;\">2024-03-09T18:17:53+01:00<\/span><span>March 9th, 2024<\/span><span class=\"fusion-inline-sep\">|<\/span><\/p><\/div><\/div><div class=\"fusion-clearfix\"><\/div><\/div>\n<\/article>\n<article id=\"blog-1-post-3029\" class=\"fusion-post-grid post-3029 post type-post status-publish format-standard hentry category-presse\">\n<div class=\"fusion-post-wrapper\" style=\"background-color:rgba(234,234,234,1);border:none;\"><div class=\"fusion-post-content-wrapper\" style=\"padding:20px 20px 20px 20px;\"><div class=\"fusion-post-content post-content\"><h2 class=\"blog-shortcode-post-title entry-title\"><a href=\"https:\/\/www.danahumancapital.com\/en\/tendances-et-defis-recrutement-juridique-en-europe\/\">\u00abTendances et d\u00e9fis du recrutement juridique en Europe\u00bb, Natacha Constantin<\/a><\/h2><p class=\"fusion-single-line-meta\"><span class=\"vcard\" style=\"display: none;\"><span class=\"fn\"><a href=\"https:\/\/www.danahumancapital.com\/en\/author\/roland\/\" title=\"Posts by roland\" rel=\"author\">roland<\/a><\/span><\/span><span class=\"updated\" style=\"display:none;\">2024-02-28T11:51:04+01:00<\/span><span>February 28th, 2024<\/span><span class=\"fusion-inline-sep\">|<\/span><\/p><\/div><\/div><div class=\"fusion-clearfix\"><\/div><\/div>\n<\/article>\n<div class=\"fusion-clearfix\"><\/div><\/div><div class=\"fusion-infinite-scroll-trigger\"><\/div><div class=\"pagination infinite-scroll clearfix\" style=\"display:none;\"><span class=\"current\">1<\/span><a href=\"https:\/\/www.danahumancapital.com\/en\/wp-json\/wp\/v2\/pages\/2603\/page\/2\/\" class=\"inactive\">2<\/a><a class=\"pagination-next\" rel=\"next\" href=\"https:\/\/www.danahumancapital.com\/en\/wp-json\/wp\/v2\/pages\/2603\/page\/2\/\"><span class=\"page-text\">Next<\/span><span class=\"page-next\"><\/span><\/a><\/div><div class=\"fusion-clearfix\"><\/div><\/div><\/div><\/div><\/div><\/div>","protected":false},"excerpt":{"rendered":"<p>hide<\/p>","protected":false},"author":2,"featured_media":0,"parent":0,"menu_order":0,"comment_status":"closed","ping_status":"closed","template":"100-width.php","meta":{"content-type":"","_monsterinsights_skip_tracking":false,"_monsterinsights_sitenote_active":false,"_monsterinsights_sitenote_note":"","_monsterinsights_sitenote_category":0,"footnotes":""},"class_list":["post-2603","page","type-page","status-publish","hentry"],"acf":[],"yoast_head":"<!-- This site is optimized with the Yoast SEO plugin v23.9 - https:\/\/yoast.com\/wordpress\/plugins\/seo\/ -->\n<title>D\u00e9couvrez les actualit\u00e9s du Cabinet - DHC<\/title>\n<meta name=\"robots\" content=\"index, follow, max-snippet:-1, max-image-preview:large, max-video-preview:-1\" \/>\n<link rel=\"canonical\" href=\"https:\/\/www.danahumancapital.com\/en\/nos-debats\/\" \/>\n<meta property=\"og:locale\" content=\"en_US\" \/>\n<meta property=\"og:type\" content=\"article\" \/>\n<meta property=\"og:title\" content=\"D\u00e9couvrez les actualit\u00e9s du Cabinet - DHC\" \/>\n<meta property=\"og:description\" content=\"hide\" \/>\n<meta property=\"og:url\" content=\"https:\/\/www.danahumancapital.com\/en\/nos-debats\/\" \/>\n<meta property=\"og:site_name\" content=\"DHC\" \/>\n<meta property=\"article:modified_time\" content=\"2023-11-06T10:57:01+00:00\" \/>\n<meta name=\"twitter:card\" content=\"summary_large_image\" \/>\n<meta name=\"twitter:label1\" content=\"Est. reading time\" \/>\n\t<meta name=\"twitter:data1\" content=\"7 minutes\" \/>\n<script type=\"application\/ld+json\" class=\"yoast-schema-graph\">{\"@context\":\"https:\/\/schema.org\",\"@graph\":[{\"@type\":\"WebPage\",\"@id\":\"https:\/\/www.danahumancapital.com\/nos-debats\/\",\"url\":\"https:\/\/www.danahumancapital.com\/nos-debats\/\",\"name\":\"D\u00e9couvrez les actualit\u00e9s du Cabinet - DHC\",\"isPartOf\":{\"@id\":\"https:\/\/www.danahumancapital.com\/fr\/#website\"},\"datePublished\":\"2022-12-09T16:09:25+00:00\",\"dateModified\":\"2023-11-06T10:57:01+00:00\",\"breadcrumb\":{\"@id\":\"https:\/\/www.danahumancapital.com\/nos-debats\/#breadcrumb\"},\"inLanguage\":\"en-US\",\"potentialAction\":[{\"@type\":\"ReadAction\",\"target\":[\"https:\/\/www.danahumancapital.com\/nos-debats\/\"]}]},{\"@type\":\"BreadcrumbList\",\"@id\":\"https:\/\/www.danahumancapital.com\/nos-debats\/#breadcrumb\",\"itemListElement\":[{\"@type\":\"ListItem\",\"position\":1,\"name\":\"Accueil\",\"item\":\"https:\/\/www.danahumancapital.com\/\"},{\"@type\":\"ListItem\",\"position\":2,\"name\":\"Nos d\u00e9bats\"}]},{\"@type\":\"WebSite\",\"@id\":\"https:\/\/www.danahumancapital.com\/fr\/#website\",\"url\":\"https:\/\/www.danahumancapital.com\/fr\/\",\"name\":\"DHC\",\"description\":\"Human Is Capital\",\"publisher\":{\"@id\":\"https:\/\/www.danahumancapital.com\/fr\/#organization\"},\"potentialAction\":[{\"@type\":\"SearchAction\",\"target\":{\"@type\":\"EntryPoint\",\"urlTemplate\":\"https:\/\/www.danahumancapital.com\/fr\/?s={search_term_string}\"},\"query-input\":{\"@type\":\"PropertyValueSpecification\",\"valueRequired\":true,\"valueName\":\"search_term_string\"}}],\"inLanguage\":\"en-US\"},{\"@type\":\"Organization\",\"@id\":\"https:\/\/www.danahumancapital.com\/fr\/#organization\",\"name\":\"DHC\",\"url\":\"https:\/\/www.danahumancapital.com\/fr\/\",\"logo\":{\"@type\":\"ImageObject\",\"inLanguage\":\"en-US\",\"@id\":\"https:\/\/www.danahumancapital.com\/fr\/#\/schema\/logo\/image\/\",\"url\":\"https:\/\/www.danahumancapital.com\/wp-content\/uploads\/2023\/03\/DHC_logo_couleur-1.png\",\"contentUrl\":\"https:\/\/www.danahumancapital.com\/wp-content\/uploads\/2023\/03\/DHC_logo_couleur-1.png\",\"width\":700,\"height\":255,\"caption\":\"DHC\"},\"image\":{\"@id\":\"https:\/\/www.danahumancapital.com\/fr\/#\/schema\/logo\/image\/\"},\"sameAs\":[\"https:\/\/fr.linkedin.com\/company\/dana-human-capital\"]}]}<\/script>\n<!-- \/ Yoast SEO plugin. -->","yoast_head_json":{"title":"D\u00e9couvrez les actualit\u00e9s du Cabinet - DHC","robots":{"index":"index","follow":"follow","max-snippet":"max-snippet:-1","max-image-preview":"max-image-preview:large","max-video-preview":"max-video-preview:-1"},"canonical":"https:\/\/www.danahumancapital.com\/en\/nos-debats\/","og_locale":"en_US","og_type":"article","og_title":"D\u00e9couvrez les actualit\u00e9s du Cabinet - DHC","og_description":"hide","og_url":"https:\/\/www.danahumancapital.com\/en\/nos-debats\/","og_site_name":"DHC","article_modified_time":"2023-11-06T10:57:01+00:00","twitter_card":"summary_large_image","twitter_misc":{"Est. reading time":"7 minutes"},"schema":{"@context":"https:\/\/schema.org","@graph":[{"@type":"WebPage","@id":"https:\/\/www.danahumancapital.com\/nos-debats\/","url":"https:\/\/www.danahumancapital.com\/nos-debats\/","name":"D\u00e9couvrez les actualit\u00e9s du Cabinet - DHC","isPartOf":{"@id":"https:\/\/www.danahumancapital.com\/fr\/#website"},"datePublished":"2022-12-09T16:09:25+00:00","dateModified":"2023-11-06T10:57:01+00:00","breadcrumb":{"@id":"https:\/\/www.danahumancapital.com\/nos-debats\/#breadcrumb"},"inLanguage":"en-US","potentialAction":[{"@type":"ReadAction","target":["https:\/\/www.danahumancapital.com\/nos-debats\/"]}]},{"@type":"BreadcrumbList","@id":"https:\/\/www.danahumancapital.com\/nos-debats\/#breadcrumb","itemListElement":[{"@type":"ListItem","position":1,"name":"Accueil","item":"https:\/\/www.danahumancapital.com\/"},{"@type":"ListItem","position":2,"name":"Nos d\u00e9bats"}]},{"@type":"WebSite","@id":"https:\/\/www.danahumancapital.com\/fr\/#website","url":"https:\/\/www.danahumancapital.com\/fr\/","name":"DHC","description":"Human Is Capital","publisher":{"@id":"https:\/\/www.danahumancapital.com\/fr\/#organization"},"potentialAction":[{"@type":"SearchAction","target":{"@type":"EntryPoint","urlTemplate":"https:\/\/www.danahumancapital.com\/fr\/?s={search_term_string}"},"query-input":{"@type":"PropertyValueSpecification","valueRequired":true,"valueName":"search_term_string"}}],"inLanguage":"en-US"},{"@type":"Organization","@id":"https:\/\/www.danahumancapital.com\/fr\/#organization","name":"DHC","url":"https:\/\/www.danahumancapital.com\/fr\/","logo":{"@type":"ImageObject","inLanguage":"en-US","@id":"https:\/\/www.danahumancapital.com\/fr\/#\/schema\/logo\/image\/","url":"https:\/\/www.danahumancapital.com\/wp-content\/uploads\/2023\/03\/DHC_logo_couleur-1.png","contentUrl":"https:\/\/www.danahumancapital.com\/wp-content\/uploads\/2023\/03\/DHC_logo_couleur-1.png","width":700,"height":255,"caption":"DHC"},"image":{"@id":"https:\/\/www.danahumancapital.com\/fr\/#\/schema\/logo\/image\/"},"sameAs":["https:\/\/fr.linkedin.com\/company\/dana-human-capital"]}]}},"_links":{"self":[{"href":"https:\/\/www.danahumancapital.com\/en\/wp-json\/wp\/v2\/pages\/2603","targetHints":{"allow":["GET"]}}],"collection":[{"href":"https:\/\/www.danahumancapital.com\/en\/wp-json\/wp\/v2\/pages"}],"about":[{"href":"https:\/\/www.danahumancapital.com\/en\/wp-json\/wp\/v2\/types\/page"}],"author":[{"embeddable":true,"href":"https:\/\/www.danahumancapital.com\/en\/wp-json\/wp\/v2\/users\/2"}],"replies":[{"embeddable":true,"href":"https:\/\/www.danahumancapital.com\/en\/wp-json\/wp\/v2\/comments?post=2603"}],"version-history":[{"count":25,"href":"https:\/\/www.danahumancapital.com\/en\/wp-json\/wp\/v2\/pages\/2603\/revisions"}],"predecessor-version":[{"id":2886,"href":"https:\/\/www.danahumancapital.com\/en\/wp-json\/wp\/v2\/pages\/2603\/revisions\/2886"}],"wp:attachment":[{"href":"https:\/\/www.danahumancapital.com\/en\/wp-json\/wp\/v2\/media?parent=2603"}],"curies":[{"name":"wp","href":"https:\/\/api.w.org\/{rel}","templated":true}]}}