{"id":2323,"date":"2021-10-14T18:08:23","date_gmt":"2021-10-14T16:08:23","guid":{"rendered":"https:\/\/danahumancapital.fr\/?page_id=2323"},"modified":"2024-01-23T17:37:21","modified_gmt":"2024-01-23T16:37:21","slug":"expertises","status":"publish","type":"page","link":"https:\/\/www.danahumancapital.com\/fr\/expertises\/","title":{"rendered":"Expertises"},"content":{"rendered":"<p><div class=\"fusion-fullwidth fullwidth-box fusion-builder-row-1 fusion-flex-container nonhundred-percent-fullwidth non-hundred-percent-height-scrolling\" style=\"--awb-border-radius-top-left:0px;--awb-border-radius-top-right:0px;--awb-border-radius-bottom-right:0px;--awb-border-radius-bottom-left:0px;--awb-padding-top:6%;--awb-padding-bottom:6%;--awb-background-color:#c6bba7;--awb-flex-wrap:wrap;\" ><div class=\"fusion-builder-row fusion-row fusion-flex-align-items-center fusion-flex-content-wrap\" style=\"max-width:1320.8px;margin-left: calc(-4% \/ 2 );margin-right: calc(-4% \/ 2 );\"><div class=\"fusion-layout-column fusion_builder_column fusion-builder-column-0 fusion_builder_column_1_3 1_3 fusion-flex-column\" style=\"--awb-bg-size:cover;--awb-width-large:33.333333333333%;--awb-margin-top-large:32px;--awb-spacing-right-large:5.76%;--awb-margin-bottom-large:32px;--awb-spacing-left-large:5.76%;--awb-width-medium:100%;--awb-order-medium:0;--awb-spacing-right-medium:1.92%;--awb-spacing-left-medium:1.92%;--awb-width-small:100%;--awb-order-small:0;--awb-spacing-right-small:1.92%;--awb-spacing-left-small:1.92%;\"><div class=\"fusion-column-wrapper fusion-column-has-shadow fusion-flex-justify-content-center fusion-content-layout-column\"><div class=\"fusion-image-element \" style=\"--awb-caption-title-font-family:var(--h2_typography-font-family);--awb-caption-title-font-weight:var(--h2_typography-font-weight);--awb-caption-title-font-style:var(--h2_typography-font-style);--awb-caption-title-size:var(--h2_typography-font-size);--awb-caption-title-transform:var(--h2_typography-text-transform);--awb-caption-title-line-height:var(--h2_typography-line-height);--awb-caption-title-letter-spacing:var(--h2_typography-letter-spacing);\"><span class=\" fusion-imageframe imageframe-none imageframe-1 hover-type-zoomin fusion-animated\" data-animationType=\"fadeInRight\" data-animationDuration=\"1.0\" data-animationOffset=\"top-into-view\"><img decoding=\"async\" width=\"700\" height=\"255\" title=\"DHC_logo_couleur\" src=\"https:\/\/danahumancapital.fr\/wp-content\/uploads\/2023\/03\/DHC_logo_couleur-1.png\" alt class=\"img-responsive wp-image-2636\" srcset=\"https:\/\/www.danahumancapital.com\/wp-content\/uploads\/2023\/03\/DHC_logo_couleur-1-200x73.png 200w, https:\/\/www.danahumancapital.com\/wp-content\/uploads\/2023\/03\/DHC_logo_couleur-1-400x146.png 400w, https:\/\/www.danahumancapital.com\/wp-content\/uploads\/2023\/03\/DHC_logo_couleur-1-600x219.png 600w, https:\/\/www.danahumancapital.com\/wp-content\/uploads\/2023\/03\/DHC_logo_couleur-1.png 700w\" sizes=\"(max-width: 1024px) 100vw, (max-width: 640px) 100vw, 400px\" \/><\/span><\/div><\/div><\/div><div class=\"fusion-layout-column fusion_builder_column fusion-builder-column-1 fusion_builder_column_2_3 2_3 fusion-flex-column\" style=\"--awb-bg-size:cover;--awb-width-large:66.666666666667%;--awb-margin-top-large:25px;--awb-spacing-right-large:5.76%;--awb-margin-bottom-large:5px;--awb-spacing-left-large:2.88%;--awb-width-medium:100%;--awb-spacing-right-medium:1.92%;--awb-spacing-left-medium:1.92%;--awb-width-small:100%;--awb-spacing-right-small:1.92%;--awb-spacing-left-small:1.92%;\"><div class=\"fusion-column-wrapper fusion-column-has-shadow fusion-flex-justify-content-center fusion-content-layout-column\"><div class=\"fusion-text fusion-text-1\" style=\"--awb-font-size:18px;\"><p>DHC est un cabinet ind\u00e9pendant d\u2019Executive Search sp\u00e9cialis\u00e9, intervenant depuis 2011 dans le <strong>recrutement de hauts potentiels<\/strong> dans les fonctions juridiques, fiscales et de la conformit\u00e9 en cabinets d\u2019avocats, \u00e9tudes notariales, entreprises et \u00e9tablissements financiers.<\/p>\n<p>&#8211; <strong>En cabinets d\u2019avocats, \u00e9tudes de notaires et cabinets de conseils en PI<\/strong> : mouvements d\u2019\u00e9quipes, d\u2019associ\u00e9s, <em>counsels<\/em> et collaborateurs seniors. Nous vous accompagnons \u00e9galement dans le recrutement de vos fonctions supports de direction (Secr\u00e9taire g\u00e9n\u00e9ral, DRH, Direction de la communication\/marketing et business development).<\/p>\n<p>&#8211; <strong>En entreprises et \u00e9tablissements financiers<\/strong> : dirigeants des fonctions juridiques, fiscales, M&amp;A et compliance\/data.<\/p>\n<p>DHC a \u00e9galement une forte activit\u00e9 de <strong>conseil strat\u00e9gique<\/strong> aupr\u00e8s de ses clients, en particulier dans l\u2019\u00e9laboration de leur strat\u00e9gie de d\u00e9veloppement, ouverture de bureaux, op\u00e9rations de rapprochements.<\/p>\n<p><strong>Aupr\u00e8s des associ\u00e9s, DHC se positionne comme v\u00e9ritable \u00ab\u00a0agent\u00a0de carri\u00e8re\u00a0\u00bb<\/strong>\u00a0: en toute confidentialit\u00e9, nous vous accompagnons dans vos r\u00e9flexions professionnelles et \u00e9tudions ensemble les opportunit\u00e9s du march\u00e9 les plus adapt\u00e9es \u00e0 vos aspirations.<\/p>\n<p>Afin de parfaire notre accompagnement et de favoriser des recrutements qui s\u2019inscrivent dans la dur\u00e9e, nous avons \u00e9galement d\u00e9velopp\u00e9 une offre de <strong>coaching professionnel<\/strong> et mettons \u00e0 votre disposition des <strong>outils d\u2019\u00e9valuation psychologiques<\/strong> (D.I.S.C et WPMOT).<\/p>\n<p><strong>Nos valeurs : Confidentialit\u00e9, Expertise, Int\u00e9grit\u00e9.<\/strong><\/p>\n<\/div><div class=\"fusion-image-element \" style=\"--awb-margin-top:25px;--awb-margin-bottom:25px;--awb-caption-title-font-family:var(--h2_typography-font-family);--awb-caption-title-font-weight:var(--h2_typography-font-weight);--awb-caption-title-font-style:var(--h2_typography-font-style);--awb-caption-title-size:var(--h2_typography-font-size);--awb-caption-title-transform:var(--h2_typography-text-transform);--awb-caption-title-line-height:var(--h2_typography-line-height);--awb-caption-title-letter-spacing:var(--h2_typography-letter-spacing);\"><span class=\" fusion-imageframe imageframe-none imageframe-2 hover-type-zoomin\"><a class=\"fusion-no-lightbox\" href=\"https:\/\/danahumancapital.fr\/expertises\/#expertises\" target=\"_self\" aria-label=\"right-arrow (3)\"><img decoding=\"async\" width=\"32\" height=\"32\" src=\"https:\/\/danahumancapital.fr\/wp-content\/uploads\/2023\/03\/right-arrow-3.png\" alt class=\"img-responsive wp-image-2631\"\/><\/a><\/span><\/div><\/div><\/div><\/div><\/div><div class=\"fusion-fullwidth fullwidth-box fusion-builder-row-2 fusion-flex-container nonhundred-percent-fullwidth non-hundred-percent-height-scrolling\" style=\"--awb-border-radius-top-left:0px;--awb-border-radius-top-right:0px;--awb-border-radius-bottom-right:0px;--awb-border-radius-bottom-left:0px;--awb-background-color:#162557;--awb-flex-wrap:wrap;\" id=\"expertises\" ><div class=\"fusion-builder-row fusion-row fusion-flex-align-items-flex-start fusion-flex-content-wrap\" style=\"max-width:1320.8px;margin-left: calc(-4% \/ 2 );margin-right: calc(-4% \/ 2 );\"><div class=\"fusion-layout-column fusion_builder_column fusion-builder-column-2 fusion_builder_column_1_1 1_1 fusion-flex-column\" style=\"--awb-padding-bottom:30px;--awb-bg-size:cover;--awb-width-large:100%;--awb-margin-top-large:25px;--awb-spacing-right-large:1.92%;--awb-margin-bottom-large:25px;--awb-spacing-left-large:1.92%;--awb-width-medium:100%;--awb-order-medium:0;--awb-spacing-right-medium:1.92%;--awb-spacing-left-medium:1.92%;--awb-width-small:100%;--awb-order-small:0;--awb-spacing-right-small:1.92%;--awb-spacing-left-small:1.92%;\"><div class=\"fusion-column-wrapper fusion-column-has-shadow fusion-flex-justify-content-flex-start fusion-content-layout-column\"><div class=\"fusion-title title fusion-title-1 fusion-sep-none fusion-title-center fusion-title-text fusion-title-size-two\" style=\"--awb-text-color:#ffffff;--awb-margin-bottom:30px;--awb-margin-bottom-medium:20px;\"><h2 class=\"fusion-title-heading title-heading-center fusion-responsive-typography-calculated\" style=\"margin:0;--fontSize:44;line-height:1.26;\">Chasseurs de t\u00eates<\/h2><\/div><\/div><\/div><div class=\"fusion-layout-column fusion_builder_column fusion-builder-column-3 fusion_builder_column_1_3 1_3 fusion-flex-column fusion-flex-align-self-stretch\" style=\"--awb-bg-size:cover;--awb-width-large:33.333333333333%;--awb-margin-top-large:25px;--awb-spacing-right-large:5.76%;--awb-margin-bottom-large:25px;--awb-spacing-left-large:5.76%;--awb-width-medium:100%;--awb-order-medium:0;--awb-spacing-right-medium:1.92%;--awb-spacing-left-medium:1.92%;--awb-width-small:100%;--awb-order-small:0;--awb-spacing-right-small:1.92%;--awb-spacing-left-small:1.92%;\"><div class=\"fusion-column-wrapper fusion-column-has-shadow fusion-flex-justify-content-space-between fusion-content-layout-column\"><div class=\"fusion-title title fusion-title-2 fusion-sep-none fusion-title-text fusion-title-size-four\" style=\"--awb-text-color:#ffffff;\"><h4 class=\"fusion-title-heading title-heading-left fusion-responsive-typography-calculated\" style=\"margin:0;--fontSize:22;--minFontSize:22;line-height:1.34;\">IDENTIFIER<\/h4><\/div><div class=\"fusion-text fusion-text-2\" style=\"--awb-text-color:#ffffff;\"><p style=\"text-align: left;\">Le recrutement par approche directe : une m\u00e9thodologie de recherche et d&rsquo;\u00e9valuation ne laissant pas de place au hasard. Lorsqu&rsquo;un mandat nous est confi\u00e9, nous menons une \u00e9tude compl\u00e8te et exhaustive du march\u00e9, afin d&rsquo;approcher directement les meilleurs talents, g\u00e9n\u00e9ralement peu visibles et peu \u00e0 l&rsquo;\u00e9coute. Parfaitement conscients que la confidentialit\u00e9 est un aspect fondamentale de notre pratique, nous faisons preuve d\u2019une parfaite d\u00e9ontologie et du respect absolu de la r\u00e8gle du <em>Off-limits<\/em> &#8211; interdiction d&rsquo;approcher des candidats chez nos clients.<\/p>\n<\/div><\/div><\/div><div class=\"fusion-layout-column fusion_builder_column fusion-builder-column-4 fusion_builder_column_1_3 1_3 fusion-flex-column fusion-flex-align-self-stretch\" style=\"--awb-bg-size:cover;--awb-width-large:33.333333333333%;--awb-margin-top-large:25px;--awb-spacing-right-large:5.76%;--awb-margin-bottom-large:25px;--awb-spacing-left-large:5.76%;--awb-width-medium:100%;--awb-order-medium:0;--awb-spacing-right-medium:1.92%;--awb-spacing-left-medium:1.92%;--awb-width-small:100%;--awb-order-small:0;--awb-spacing-right-small:1.92%;--awb-spacing-left-small:1.92%;\"><div class=\"fusion-column-wrapper fusion-column-has-shadow fusion-flex-justify-content-space-between fusion-content-layout-column\"><div class=\"fusion-title title fusion-title-3 fusion-sep-none fusion-title-text fusion-title-size-four\" style=\"--awb-text-color:#ffffff;\"><h4 class=\"fusion-title-heading title-heading-left fusion-responsive-typography-calculated\" style=\"margin:0;--fontSize:22;--minFontSize:22;line-height:1.34;\">APPROCHER<\/h4><\/div><div class=\"fusion-text fusion-text-3\" style=\"--awb-text-color:#ffffff;\"><p>Nous approchons les candidats identifi\u00e9s et les rencontrons syst\u00e9matiquement lors d\u2019entretiens individuels approfondis afin de nous assurer que leurs profils correspondent \u00e0 la recherche de notre client. Nous proc\u00e9dant ainsi, \u00e0 une premi\u00e8re s\u00e9lection en tenant comptes des comp\u00e9tences, aspirations et des leviers de motivations des candidats. A l\u2019issue des entretiens individuels nous pr\u00e9sentons \u00e0 notre client les profils s\u00e9lectionn\u00e9s sur une base de crit\u00e8res cibl\u00e9s et sp\u00e9cifique \u00e0 la mission confi\u00e9e, avec l\u2019accord expr\u00e8s des candidats.<\/p>\n<\/div><\/div><\/div><div class=\"fusion-layout-column fusion_builder_column fusion-builder-column-5 fusion_builder_column_1_3 1_3 fusion-flex-column fusion-flex-align-self-stretch\" style=\"--awb-bg-size:cover;--awb-width-large:33.333333333333%;--awb-margin-top-large:25px;--awb-spacing-right-large:5.76%;--awb-margin-bottom-large:25px;--awb-spacing-left-large:5.76%;--awb-width-medium:100%;--awb-order-medium:0;--awb-spacing-right-medium:1.92%;--awb-spacing-left-medium:1.92%;--awb-width-small:100%;--awb-order-small:0;--awb-spacing-right-small:1.92%;--awb-spacing-left-small:1.92%;\"><div class=\"fusion-column-wrapper fusion-column-has-shadow fusion-flex-justify-content-space-between fusion-content-layout-column\"><div class=\"fusion-title title fusion-title-4 fusion-sep-none fusion-title-text fusion-title-size-four\" style=\"--awb-text-color:#ffffff;\"><h4 class=\"fusion-title-heading title-heading-left fusion-responsive-typography-calculated\" style=\"margin:0;--fontSize:22;--minFontSize:22;line-height:1.34;\">ACCOMPAGNER<\/h4><\/div><div class=\"fusion-text fusion-text-4\" style=\"--awb-text-color:#ffffff;\"><p>Nous nous chargeons \u00e9galement de faire le lien entre le client est les candidats tout au long du processus de recrutement. Nous nous occupons d\u2019organiser les diff\u00e9rents entretiens et de faire le suivi des candidatures. Nous accompagnons ainsi les candidats tout au long du processus et ce jusque dans la n\u00e9gociation de leurs contrats et des leurs conditions de travail. Nous mettons \u00e9galement en place un suivi personnalis\u00e9 de l\u2019int\u00e9gration tant du cot\u00e9 du client que des candidats.<\/p>\n<\/div><\/div><\/div><\/div><\/div><\/p>\n","protected":false},"excerpt":{"rendered":"","protected":false},"author":2,"featured_media":0,"parent":0,"menu_order":0,"comment_status":"closed","ping_status":"closed","template":"100-width.php","meta":{"content-type":"","_monsterinsights_skip_tracking":false,"_monsterinsights_sitenote_active":false,"_monsterinsights_sitenote_note":"","_monsterinsights_sitenote_category":0,"footnotes":""},"class_list":["post-2323","page","type-page","status-publish","hentry"],"acf":[],"yoast_head":"<!-- This site is optimized with the Yoast SEO plugin v23.9 - https:\/\/yoast.com\/wordpress\/plugins\/seo\/ -->\n<title>Expertises d&#039;Executive Search et Conseil en Recrutement - DHC<\/title>\n<meta name=\"description\" content=\"D\u00e9couvrez les services du cabinet DHC et ses offres de consulting en recrutement pour les avocats, cabinets et autres professions juridiques.\" \/>\n<meta name=\"robots\" content=\"index, follow, max-snippet:-1, max-image-preview:large, max-video-preview:-1\" \/>\n<link rel=\"canonical\" href=\"https:\/\/www.danahumancapital.com\/fr\/expertises\/\" \/>\n<meta property=\"og:locale\" content=\"fr_FR\" \/>\n<meta property=\"og:type\" content=\"article\" \/>\n<meta property=\"og:title\" content=\"Expertises d&#039;Executive Search et Conseil en Recrutement - DHC\" \/>\n<meta property=\"og:description\" content=\"D\u00e9couvrez les services du cabinet DHC et ses offres de consulting en recrutement pour les avocats, cabinets et autres professions juridiques.\" \/>\n<meta property=\"og:url\" content=\"https:\/\/www.danahumancapital.com\/fr\/expertises\/\" \/>\n<meta property=\"og:site_name\" content=\"DHC\" \/>\n<meta property=\"article:modified_time\" content=\"2024-01-23T16:37:21+00:00\" \/>\n<meta name=\"twitter:card\" content=\"summary_large_image\" \/>\n<meta name=\"twitter:label1\" content=\"Dur\u00e9e de lecture estim\u00e9e\" \/>\n\t<meta name=\"twitter:data1\" content=\"30 minutes\" \/>\n<script type=\"application\/ld+json\" class=\"yoast-schema-graph\">{\"@context\":\"https:\/\/schema.org\",\"@graph\":[{\"@type\":\"WebPage\",\"@id\":\"https:\/\/www.danahumancapital.com\/expertises\/\",\"url\":\"https:\/\/www.danahumancapital.com\/expertises\/\",\"name\":\"Expertises d'Executive Search et Conseil en Recrutement - DHC\",\"isPartOf\":{\"@id\":\"https:\/\/www.danahumancapital.com\/fr\/#website\"},\"datePublished\":\"2021-10-14T16:08:23+00:00\",\"dateModified\":\"2024-01-23T16:37:21+00:00\",\"description\":\"D\u00e9couvrez les services du cabinet DHC et ses offres de consulting en recrutement pour les avocats, cabinets et autres professions juridiques.\",\"breadcrumb\":{\"@id\":\"https:\/\/www.danahumancapital.com\/expertises\/#breadcrumb\"},\"inLanguage\":\"fr-FR\",\"potentialAction\":[{\"@type\":\"ReadAction\",\"target\":[\"https:\/\/www.danahumancapital.com\/expertises\/\"]}]},{\"@type\":\"BreadcrumbList\",\"@id\":\"https:\/\/www.danahumancapital.com\/expertises\/#breadcrumb\",\"itemListElement\":[{\"@type\":\"ListItem\",\"position\":1,\"name\":\"Accueil\",\"item\":\"https:\/\/www.danahumancapital.com\/\"},{\"@type\":\"ListItem\",\"position\":2,\"name\":\"Expertises\"}]},{\"@type\":\"WebSite\",\"@id\":\"https:\/\/www.danahumancapital.com\/fr\/#website\",\"url\":\"https:\/\/www.danahumancapital.com\/fr\/\",\"name\":\"DHC\",\"description\":\"Human Is Capital\",\"publisher\":{\"@id\":\"https:\/\/www.danahumancapital.com\/fr\/#organization\"},\"potentialAction\":[{\"@type\":\"SearchAction\",\"target\":{\"@type\":\"EntryPoint\",\"urlTemplate\":\"https:\/\/www.danahumancapital.com\/fr\/?s={search_term_string}\"},\"query-input\":{\"@type\":\"PropertyValueSpecification\",\"valueRequired\":true,\"valueName\":\"search_term_string\"}}],\"inLanguage\":\"fr-FR\"},{\"@type\":\"Organization\",\"@id\":\"https:\/\/www.danahumancapital.com\/fr\/#organization\",\"name\":\"DHC\",\"url\":\"https:\/\/www.danahumancapital.com\/fr\/\",\"logo\":{\"@type\":\"ImageObject\",\"inLanguage\":\"fr-FR\",\"@id\":\"https:\/\/www.danahumancapital.com\/fr\/#\/schema\/logo\/image\/\",\"url\":\"https:\/\/www.danahumancapital.com\/wp-content\/uploads\/2023\/03\/DHC_logo_couleur-1.png\",\"contentUrl\":\"https:\/\/www.danahumancapital.com\/wp-content\/uploads\/2023\/03\/DHC_logo_couleur-1.png\",\"width\":700,\"height\":255,\"caption\":\"DHC\"},\"image\":{\"@id\":\"https:\/\/www.danahumancapital.com\/fr\/#\/schema\/logo\/image\/\"},\"sameAs\":[\"https:\/\/fr.linkedin.com\/company\/dana-human-capital\"]}]}<\/script>\n<!-- \/ Yoast SEO plugin. -->","yoast_head_json":{"title":"Expertises d'Executive Search et Conseil en Recrutement - DHC","description":"D\u00e9couvrez les services du cabinet DHC et ses offres de consulting en recrutement pour les avocats, cabinets et autres professions juridiques.","robots":{"index":"index","follow":"follow","max-snippet":"max-snippet:-1","max-image-preview":"max-image-preview:large","max-video-preview":"max-video-preview:-1"},"canonical":"https:\/\/www.danahumancapital.com\/fr\/expertises\/","og_locale":"fr_FR","og_type":"article","og_title":"Expertises d'Executive Search et Conseil en Recrutement - DHC","og_description":"D\u00e9couvrez les services du cabinet DHC et ses offres de consulting en recrutement pour les avocats, cabinets et autres professions juridiques.","og_url":"https:\/\/www.danahumancapital.com\/fr\/expertises\/","og_site_name":"DHC","article_modified_time":"2024-01-23T16:37:21+00:00","twitter_card":"summary_large_image","twitter_misc":{"Dur\u00e9e de lecture estim\u00e9e":"30 minutes"},"schema":{"@context":"https:\/\/schema.org","@graph":[{"@type":"WebPage","@id":"https:\/\/www.danahumancapital.com\/expertises\/","url":"https:\/\/www.danahumancapital.com\/expertises\/","name":"Expertises d'Executive Search et Conseil en Recrutement - DHC","isPartOf":{"@id":"https:\/\/www.danahumancapital.com\/fr\/#website"},"datePublished":"2021-10-14T16:08:23+00:00","dateModified":"2024-01-23T16:37:21+00:00","description":"D\u00e9couvrez les services du cabinet DHC et ses offres de consulting en recrutement pour les avocats, cabinets et autres professions juridiques.","breadcrumb":{"@id":"https:\/\/www.danahumancapital.com\/expertises\/#breadcrumb"},"inLanguage":"fr-FR","potentialAction":[{"@type":"ReadAction","target":["https:\/\/www.danahumancapital.com\/expertises\/"]}]},{"@type":"BreadcrumbList","@id":"https:\/\/www.danahumancapital.com\/expertises\/#breadcrumb","itemListElement":[{"@type":"ListItem","position":1,"name":"Accueil","item":"https:\/\/www.danahumancapital.com\/"},{"@type":"ListItem","position":2,"name":"Expertises"}]},{"@type":"WebSite","@id":"https:\/\/www.danahumancapital.com\/fr\/#website","url":"https:\/\/www.danahumancapital.com\/fr\/","name":"DHC","description":"Human Is Capital","publisher":{"@id":"https:\/\/www.danahumancapital.com\/fr\/#organization"},"potentialAction":[{"@type":"SearchAction","target":{"@type":"EntryPoint","urlTemplate":"https:\/\/www.danahumancapital.com\/fr\/?s={search_term_string}"},"query-input":{"@type":"PropertyValueSpecification","valueRequired":true,"valueName":"search_term_string"}}],"inLanguage":"fr-FR"},{"@type":"Organization","@id":"https:\/\/www.danahumancapital.com\/fr\/#organization","name":"DHC","url":"https:\/\/www.danahumancapital.com\/fr\/","logo":{"@type":"ImageObject","inLanguage":"fr-FR","@id":"https:\/\/www.danahumancapital.com\/fr\/#\/schema\/logo\/image\/","url":"https:\/\/www.danahumancapital.com\/wp-content\/uploads\/2023\/03\/DHC_logo_couleur-1.png","contentUrl":"https:\/\/www.danahumancapital.com\/wp-content\/uploads\/2023\/03\/DHC_logo_couleur-1.png","width":700,"height":255,"caption":"DHC"},"image":{"@id":"https:\/\/www.danahumancapital.com\/fr\/#\/schema\/logo\/image\/"},"sameAs":["https:\/\/fr.linkedin.com\/company\/dana-human-capital"]}]}},"_links":{"self":[{"href":"https:\/\/www.danahumancapital.com\/fr\/wp-json\/wp\/v2\/pages\/2323","targetHints":{"allow":["GET"]}}],"collection":[{"href":"https:\/\/www.danahumancapital.com\/fr\/wp-json\/wp\/v2\/pages"}],"about":[{"href":"https:\/\/www.danahumancapital.com\/fr\/wp-json\/wp\/v2\/types\/page"}],"author":[{"embeddable":true,"href":"https:\/\/www.danahumancapital.com\/fr\/wp-json\/wp\/v2\/users\/2"}],"replies":[{"embeddable":true,"href":"https:\/\/www.danahumancapital.com\/fr\/wp-json\/wp\/v2\/comments?post=2323"}],"version-history":[{"count":64,"href":"https:\/\/www.danahumancapital.com\/fr\/wp-json\/wp\/v2\/pages\/2323\/revisions"}],"predecessor-version":[{"id":3016,"href":"https:\/\/www.danahumancapital.com\/fr\/wp-json\/wp\/v2\/pages\/2323\/revisions\/3016"}],"wp:attachment":[{"href":"https:\/\/www.danahumancapital.com\/fr\/wp-json\/wp\/v2\/media?parent=2323"}],"curies":[{"name":"wp","href":"https:\/\/api.w.org\/{rel}","templated":true}]}}