{"id":2953,"date":"2023-12-06T21:18:28","date_gmt":"2023-12-06T20:18:28","guid":{"rendered":"https:\/\/danahumancapital.fr\/?page_id=2953"},"modified":"2023-12-06T21:20:34","modified_gmt":"2023-12-06T20:20:34","slug":"politique-de-confidentialite-2","status":"publish","type":"page","link":"https:\/\/www.danahumancapital.com\/fr\/politique-de-confidentialite-2\/","title":{"rendered":"Politique de confidentialit\u00e9"},"content":{"rendered":"<div class=\"fusion-fullwidth fullwidth-box fusion-builder-row-1 fusion-flex-container nonhundred-percent-fullwidth non-hundred-percent-height-scrolling\" style=\"--awb-border-radius-top-left:0px;--awb-border-radius-top-right:0px;--awb-border-radius-bottom-right:0px;--awb-border-radius-bottom-left:0px;--awb-flex-wrap:wrap;\" ><div class=\"fusion-builder-row fusion-row fusion-flex-align-items-flex-start fusion-flex-content-wrap\" style=\"max-width:1320.8px;margin-left: calc(-4% \/ 2 );margin-right: calc(-4% \/ 2 );\"><div class=\"fusion-layout-column fusion_builder_column fusion-builder-column-0 fusion_builder_column_1_1 1_1 fusion-flex-column\" style=\"--awb-bg-size:cover;--awb-width-large:100%;--awb-margin-top-large:25px;--awb-spacing-right-large:1.92%;--awb-margin-bottom-large:25px;--awb-spacing-left-large:1.92%;--awb-width-medium:100%;--awb-order-medium:0;--awb-spacing-right-medium:1.92%;--awb-spacing-left-medium:1.92%;--awb-width-small:100%;--awb-order-small:0;--awb-spacing-right-small:1.92%;--awb-spacing-left-small:1.92%;\"><div class=\"fusion-column-wrapper fusion-column-has-shadow fusion-flex-justify-content-flex-start fusion-content-layout-column\"><div class=\"fusion-text fusion-text-1\"><h1>POLITIQUE DE CONFIDENTIALIT\u00c9<\/h1>\n<h2>IDENTIFICATION DES PARTIES<\/h2>\n<p>Bienvenue sur le site internet\u00a0<a href=\"http:\/\/www.danahumancapital.com\/\" target=\"_blank\" rel=\"noopener\" data-saferedirecturl=\"https:\/\/www.google.com\/url?hl=en&amp;q=http:\/\/www.danahumancapital.com&amp;source=gmail&amp;ust=1701963988801000&amp;usg=AOvVaw0HaWxCJG5LIAV_PBiThkHv\">www.danahumancapital.com<\/a>\u00a0(\u00ab Site \u00bb), propri\u00e9t\u00e9 de la soci\u00e9t\u00e9 Dana Human Capital, soci\u00e9t\u00e9 \u00e0 responsabilit\u00e9 limit\u00e9e, immatricul\u00e9e au RCS de Paris sous le num\u00e9ro\u00a0790\u00a0220\u00a0438, dont le si\u00e8ge social est au\u00a0<a href=\"https:\/\/www.google.com\/maps\/search\/21,+rue+du+Mont+Thabor+75001+Paris?entry=gmail&amp;source=g\">21, rue du Mont Thabor 75001<\/a>\u00a0<a href=\"https:\/\/www.google.com\/maps\/search\/21,+rue+du+Mont+Thabor+75001+Paris?entry=gmail&amp;source=g\">Paris<\/a>, contact : +33 6 65 16 59 37\u00a0et\u00a0<a href=\"mailto:contact@gladstone-search.com\" target=\"_blank\" rel=\"noopener\">contact@d<\/a><a href=\"http:\/\/anahumancapital.com\/\" target=\"_blank\" rel=\"noopener\" data-saferedirecturl=\"https:\/\/www.google.com\/url?hl=en&amp;q=http:\/\/anahumancapital.com&amp;source=gmail&amp;ust=1701963988801000&amp;usg=AOvVaw11CKjGBwLZxCDRkCFHs-9p\">anahumancapital.com<\/a>\u00a0(<wbr \/>\u00ab DHC \u00bb).<\/p>\n<p>DHC est une soci\u00e9t\u00e9 de placement, conform\u00e9ment \u00e0 l&rsquo;article L5321-1 et suivants du Code du travail, facilitant la rencontre entre offres et demandes d&#8217;emploi.<\/p>\n<p>Dans cette politique de confidentialit\u00e9, \u00ab nous \u00bb ou \u00ab notre \u00bb font r\u00e9f\u00e9rence \u00e0 DHC, et \u00ab vous \u00bb ou \u00ab votre \u00bb vous d\u00e9signe individuellement, selon le contexte, en tant que Candidat, Client ou Fournisseur.<\/p>\n<h2>OBJET DE LA POLITIQUE DE CONFIDENTIALIT\u00c9<\/h2>\n<p>Cette politique de confidentialit\u00e9 expose les conditions de collecte, d&rsquo;utilisation et de partage des donn\u00e9es personnelles fournies par vous dans le cadre de notre activit\u00e9 de placement ou de contrats conclus avec nous (\u00ab Politique de confidentialit\u00e9 \u00bb).<\/p>\n<h2>ENGAGEMENT DE CONFIDENTIALIT\u00c9<\/h2>\n<p>Nous respectons votre vie priv\u00e9e et nous engageons \u00e0 prot\u00e9ger vos donn\u00e9es conform\u00e9ment \u00e0 la r\u00e9glementation en vigueur, en particulier au R\u00e8glement G\u00e9n\u00e9ral (UE) 2016\/679 du 27 avril 2016 sur la Protection des Donn\u00e9es (\u00ab RGPD \u00bb) et la Loi \u00ab Informatique et libert\u00e9s \u00bb n\u00b078-17 modifi\u00e9e.<\/p>\n<h2>CHAMP D&rsquo;APPLICATION<\/h2>\n<p>Les informations que vous nous fournissez ou que nous collectons lors de nos \u00e9changes sont destin\u00e9es \u00e0 notre personnel habilit\u00e9 pour la gestion administrative et commerciale. Ces donn\u00e9es peuvent \u00eatre consid\u00e9r\u00e9es comme des donn\u00e9es personnelles au sens du RGPD.<\/p>\n<p>En tant que responsable du traitement, nous sommes en charge de la collecte et du traitement de vos donn\u00e9es pour nos services de placement ou nos activit\u00e9s administratives et commerciales. En tant que Candidat, certaines donn\u00e9es peuvent \u00eatre transmises \u00e0 nos Clients ou \u00e0 d&rsquo;autres recruteurs, soumis \u00e0 leur propre politique de confidentialit\u00e9.<\/p>\n<h2>LES DONN\u00c9ES QUE NOUS COLLECTONS ET TRAITONS<\/h2>\n<ol>\n<li>Candidats : Nous collectons des donn\u00e9es d&rsquo;identification et de contact, des donn\u00e9es de recrutement (CV, photographies, date de naissance, formations, exp\u00e9riences, recommandations), et des donn\u00e9es de contact professionnel.<\/li>\n<li>Clients : Nous collectons des donn\u00e9es d&rsquo;identification et de contact professionnel, ainsi que des donn\u00e9es li\u00e9es au recrutement.<\/li>\n<li>Fournisseurs : Nous collectons des donn\u00e9es d&rsquo;identification et de contact professionnel, des donn\u00e9es \u00e9conomiques et financi\u00e8res.<\/li>\n<\/ol>\n<div><\/div>\n<h2>FINALIT\u00c9 DU TRAITEMENT<\/h2>\n<ol>\n<li>Candidats : Traitement pour fournir des services de recrutement, g\u00e9rer les relations commerciales, informer sur les opportunit\u00e9s professionnelles et constituer une base de donn\u00e9es.<\/li>\n<li>Clients : Traitement pour assurer la conclusion et la gestion du contrat, fournir des services de placement, assurer le suivi des relations commerciales.<\/li>\n<li>Fournisseurs : Traitement pour assurer la conclusion et la gestion du contrat, la gestion administrative et comptable.<\/li>\n<\/ol>\n<div><\/div>\n<h2>COMMUNICATION \u00c0 DES TIERS<\/h2>\n<p>Nous pouvons communiquer vos donn\u00e9es \u00e0 nos sous-traitants, fournisseurs, partenaires, organismes publics ou autorit\u00e9s judiciaires, conform\u00e9ment \u00e0 la r\u00e9glementation applicable. Pour les Candidats, les donn\u00e9es peuvent \u00eatre transmises \u00e0 nos Clients ou d&rsquo;autres recruteurs.<\/p>\n<h2>DUR\u00c9E DE CONSERVATION<\/h2>\n<ol>\n<li>Candidats : Conservation maximale de 2 ans apr\u00e8s le dernier contact.<\/li>\n<li>Clients ou Fournisseurs : Conservation maximale de 3 ans apr\u00e8s la fin des relations d&rsquo;affaires.<\/li>\n<\/ol>\n<h2>MESURES DE S\u00c9CURIT\u00c9<\/h2>\n<p>Nous mettons en place des mesures de s\u00e9curit\u00e9 appropri\u00e9es, notamment l&rsquo;acc\u00e8s restreint, l&rsquo;obligation de confidentialit\u00e9, la s\u00e9curisation des postes de travail, et des mesures techniques telles que la tra\u00e7abilit\u00e9 et la sauvegarde r\u00e9guli\u00e8re des donn\u00e9es.<\/p>\n<h2>TRANSFERT HORS DE L&rsquo;UE<\/h2>\n<p>Nous pouvons transf\u00e9rer vos donn\u00e9es \u00e0 des entit\u00e9s situ\u00e9es hors de l&rsquo;Union europ\u00e9enne, mais nous assurons leur protection conform\u00e9ment \u00e0 la r\u00e9glementation, notamment par des clauses contractuelles types.<\/p>\n<h2>VOS DROITS<\/h2>\n<p>Vous avez le droit d&rsquo;acc\u00e8s, de rectification, de limitation du traitement, d&rsquo;opposition, d&rsquo;effacement, de portabilit\u00e9, de retrait du consentement, et de formuler des directives post-mortem. Vous pouvez exercer ces droits en nous contactant.<\/p>\n<h2>LOYAUT\u00c9 DES INFORMATIONS FOURNIES PAR LES CANDIDATS<\/h2>\n<p>En tant que Candidat, vous garantissez la v\u00e9racit\u00e9 des informations fournies et vous engagez \u00e0 fournir des informations sinc\u00e8res, r\u00e9elles et loyales. Toute information fausse constitue une man\u0153uvre d\u00e9loyale.<\/p>\n<h2>MISE \u00c0 JOUR DE LA POLITIQUE<\/h2>\n<p>Nous nous r\u00e9servons le droit de modifier la Politique de confidentialit\u00e9 unilat\u00e9ralement. Nous vous encourageons \u00e0 la consulter r\u00e9guli\u00e8rement.<\/p>\n<p>Pour toute question ou exercice de vos droits, contactez notre responsable \u00e0 la protection des donn\u00e9es \u00e0\u00a0<a href=\"mailto:contact@gladstone-search.com\" target=\"_blank\" rel=\"noopener\">contact@d<\/a><a href=\"http:\/\/anahumancapital.com\/\" target=\"_blank\" rel=\"noopener\" data-saferedirecturl=\"https:\/\/www.google.com\/url?hl=en&amp;q=http:\/\/anahumancapital.com&amp;source=gmail&amp;ust=1701963988801000&amp;usg=AOvVaw11CKjGBwLZxCDRkCFHs-9p\">anahumancapital.com<\/a>\u00a0<wbr \/>ou \u00e0 l&rsquo;adresse\u00a0<a href=\"https:\/\/www.google.com\/maps\/search\/21,+rue+du+Mont+Thabor+75001+Paris?entry=gmail&amp;source=g\">21, rue du Mont Thabor 75001 Paris<\/a>. Vous avez \u00e9galement le droit de d\u00e9poser une r\u00e9clamation aupr\u00e8s de la CNIL.<\/p>\n<\/div><\/div><\/div><\/div><\/div>\n","protected":false},"excerpt":{"rendered":"","protected":false},"author":5,"featured_media":0,"parent":0,"menu_order":0,"comment_status":"closed","ping_status":"closed","template":"","meta":{"content-type":"","_monsterinsights_skip_tracking":false,"_monsterinsights_sitenote_active":false,"_monsterinsights_sitenote_note":"","_monsterinsights_sitenote_category":0,"footnotes":""},"class_list":["post-2953","page","type-page","status-publish","hentry"],"acf":[],"yoast_head":"<!-- This site is optimized with the Yoast SEO plugin v23.9 - https:\/\/yoast.com\/wordpress\/plugins\/seo\/ -->\n<title>Politique de confidentialit\u00e9 - DHC<\/title>\n<meta name=\"robots\" content=\"index, follow, max-snippet:-1, max-image-preview:large, max-video-preview:-1\" \/>\n<link rel=\"canonical\" href=\"https:\/\/www.danahumancapital.com\/fr\/politique-de-confidentialite-2\/\" \/>\n<meta property=\"og:locale\" content=\"fr_FR\" \/>\n<meta property=\"og:type\" content=\"article\" \/>\n<meta property=\"og:title\" content=\"Politique de confidentialit\u00e9 - DHC\" \/>\n<meta property=\"og:url\" content=\"https:\/\/www.danahumancapital.com\/fr\/politique-de-confidentialite-2\/\" \/>\n<meta property=\"og:site_name\" content=\"DHC\" \/>\n<meta property=\"article:modified_time\" content=\"2023-12-06T20:20:34+00:00\" \/>\n<meta name=\"twitter:card\" content=\"summary_large_image\" \/>\n<meta name=\"twitter:label1\" content=\"Dur\u00e9e de lecture estim\u00e9e\" \/>\n\t<meta name=\"twitter:data1\" content=\"6 minutes\" \/>\n<script type=\"application\/ld+json\" class=\"yoast-schema-graph\">{\"@context\":\"https:\/\/schema.org\",\"@graph\":[{\"@type\":\"WebPage\",\"@id\":\"https:\/\/www.danahumancapital.com\/politique-de-confidentialite-2\/\",\"url\":\"https:\/\/www.danahumancapital.com\/politique-de-confidentialite-2\/\",\"name\":\"Politique de confidentialit\u00e9 - DHC\",\"isPartOf\":{\"@id\":\"https:\/\/www.danahumancapital.com\/fr\/#website\"},\"datePublished\":\"2023-12-06T20:18:28+00:00\",\"dateModified\":\"2023-12-06T20:20:34+00:00\",\"breadcrumb\":{\"@id\":\"https:\/\/www.danahumancapital.com\/politique-de-confidentialite-2\/#breadcrumb\"},\"inLanguage\":\"fr-FR\",\"potentialAction\":[{\"@type\":\"ReadAction\",\"target\":[\"https:\/\/www.danahumancapital.com\/politique-de-confidentialite-2\/\"]}]},{\"@type\":\"BreadcrumbList\",\"@id\":\"https:\/\/www.danahumancapital.com\/politique-de-confidentialite-2\/#breadcrumb\",\"itemListElement\":[{\"@type\":\"ListItem\",\"position\":1,\"name\":\"Accueil\",\"item\":\"https:\/\/www.danahumancapital.com\/\"},{\"@type\":\"ListItem\",\"position\":2,\"name\":\"Politique de confidentialit\u00e9\"}]},{\"@type\":\"WebSite\",\"@id\":\"https:\/\/www.danahumancapital.com\/fr\/#website\",\"url\":\"https:\/\/www.danahumancapital.com\/fr\/\",\"name\":\"DHC\",\"description\":\"Human Is Capital\",\"publisher\":{\"@id\":\"https:\/\/www.danahumancapital.com\/fr\/#organization\"},\"potentialAction\":[{\"@type\":\"SearchAction\",\"target\":{\"@type\":\"EntryPoint\",\"urlTemplate\":\"https:\/\/www.danahumancapital.com\/fr\/?s={search_term_string}\"},\"query-input\":{\"@type\":\"PropertyValueSpecification\",\"valueRequired\":true,\"valueName\":\"search_term_string\"}}],\"inLanguage\":\"fr-FR\"},{\"@type\":\"Organization\",\"@id\":\"https:\/\/www.danahumancapital.com\/fr\/#organization\",\"name\":\"DHC\",\"url\":\"https:\/\/www.danahumancapital.com\/fr\/\",\"logo\":{\"@type\":\"ImageObject\",\"inLanguage\":\"fr-FR\",\"@id\":\"https:\/\/www.danahumancapital.com\/fr\/#\/schema\/logo\/image\/\",\"url\":\"https:\/\/www.danahumancapital.com\/wp-content\/uploads\/2023\/03\/DHC_logo_couleur-1.png\",\"contentUrl\":\"https:\/\/www.danahumancapital.com\/wp-content\/uploads\/2023\/03\/DHC_logo_couleur-1.png\",\"width\":700,\"height\":255,\"caption\":\"DHC\"},\"image\":{\"@id\":\"https:\/\/www.danahumancapital.com\/fr\/#\/schema\/logo\/image\/\"},\"sameAs\":[\"https:\/\/fr.linkedin.com\/company\/dana-human-capital\"]}]}<\/script>\n<!-- \/ Yoast SEO plugin. -->","yoast_head_json":{"title":"Politique de confidentialit\u00e9 - DHC","robots":{"index":"index","follow":"follow","max-snippet":"max-snippet:-1","max-image-preview":"max-image-preview:large","max-video-preview":"max-video-preview:-1"},"canonical":"https:\/\/www.danahumancapital.com\/fr\/politique-de-confidentialite-2\/","og_locale":"fr_FR","og_type":"article","og_title":"Politique de confidentialit\u00e9 - DHC","og_url":"https:\/\/www.danahumancapital.com\/fr\/politique-de-confidentialite-2\/","og_site_name":"DHC","article_modified_time":"2023-12-06T20:20:34+00:00","twitter_card":"summary_large_image","twitter_misc":{"Dur\u00e9e de lecture estim\u00e9e":"6 minutes"},"schema":{"@context":"https:\/\/schema.org","@graph":[{"@type":"WebPage","@id":"https:\/\/www.danahumancapital.com\/politique-de-confidentialite-2\/","url":"https:\/\/www.danahumancapital.com\/politique-de-confidentialite-2\/","name":"Politique de confidentialit\u00e9 - DHC","isPartOf":{"@id":"https:\/\/www.danahumancapital.com\/fr\/#website"},"datePublished":"2023-12-06T20:18:28+00:00","dateModified":"2023-12-06T20:20:34+00:00","breadcrumb":{"@id":"https:\/\/www.danahumancapital.com\/politique-de-confidentialite-2\/#breadcrumb"},"inLanguage":"fr-FR","potentialAction":[{"@type":"ReadAction","target":["https:\/\/www.danahumancapital.com\/politique-de-confidentialite-2\/"]}]},{"@type":"BreadcrumbList","@id":"https:\/\/www.danahumancapital.com\/politique-de-confidentialite-2\/#breadcrumb","itemListElement":[{"@type":"ListItem","position":1,"name":"Accueil","item":"https:\/\/www.danahumancapital.com\/"},{"@type":"ListItem","position":2,"name":"Politique de confidentialit\u00e9"}]},{"@type":"WebSite","@id":"https:\/\/www.danahumancapital.com\/fr\/#website","url":"https:\/\/www.danahumancapital.com\/fr\/","name":"DHC","description":"Human Is Capital","publisher":{"@id":"https:\/\/www.danahumancapital.com\/fr\/#organization"},"potentialAction":[{"@type":"SearchAction","target":{"@type":"EntryPoint","urlTemplate":"https:\/\/www.danahumancapital.com\/fr\/?s={search_term_string}"},"query-input":{"@type":"PropertyValueSpecification","valueRequired":true,"valueName":"search_term_string"}}],"inLanguage":"fr-FR"},{"@type":"Organization","@id":"https:\/\/www.danahumancapital.com\/fr\/#organization","name":"DHC","url":"https:\/\/www.danahumancapital.com\/fr\/","logo":{"@type":"ImageObject","inLanguage":"fr-FR","@id":"https:\/\/www.danahumancapital.com\/fr\/#\/schema\/logo\/image\/","url":"https:\/\/www.danahumancapital.com\/wp-content\/uploads\/2023\/03\/DHC_logo_couleur-1.png","contentUrl":"https:\/\/www.danahumancapital.com\/wp-content\/uploads\/2023\/03\/DHC_logo_couleur-1.png","width":700,"height":255,"caption":"DHC"},"image":{"@id":"https:\/\/www.danahumancapital.com\/fr\/#\/schema\/logo\/image\/"},"sameAs":["https:\/\/fr.linkedin.com\/company\/dana-human-capital"]}]}},"_links":{"self":[{"href":"https:\/\/www.danahumancapital.com\/fr\/wp-json\/wp\/v2\/pages\/2953","targetHints":{"allow":["GET"]}}],"collection":[{"href":"https:\/\/www.danahumancapital.com\/fr\/wp-json\/wp\/v2\/pages"}],"about":[{"href":"https:\/\/www.danahumancapital.com\/fr\/wp-json\/wp\/v2\/types\/page"}],"author":[{"embeddable":true,"href":"https:\/\/www.danahumancapital.com\/fr\/wp-json\/wp\/v2\/users\/5"}],"replies":[{"embeddable":true,"href":"https:\/\/www.danahumancapital.com\/fr\/wp-json\/wp\/v2\/comments?post=2953"}],"version-history":[{"count":2,"href":"https:\/\/www.danahumancapital.com\/fr\/wp-json\/wp\/v2\/pages\/2953\/revisions"}],"predecessor-version":[{"id":2955,"href":"https:\/\/www.danahumancapital.com\/fr\/wp-json\/wp\/v2\/pages\/2953\/revisions\/2955"}],"wp:attachment":[{"href":"https:\/\/www.danahumancapital.com\/fr\/wp-json\/wp\/v2\/media?parent=2953"}],"curies":[{"name":"wp","href":"https:\/\/api.w.org\/{rel}","templated":true}]}}